{"id":387,"date":"2019-02-06T15:29:31","date_gmt":"2019-02-06T15:29:31","guid":{"rendered":"http:\/\/concerned-coyote.w5.wpsandbox.pro\/?page_id=387"},"modified":"2025-06-21T08:24:51","modified_gmt":"2025-06-21T08:24:51","slug":"contact","status":"publish","type":"page","link":"https:\/\/jaimetrinidadlopd.es\/?page_id=387","title":{"rendered":"Contacto"},"content":{"rendered":"\t\t<div data-elementor-type=\"wp-page\" data-elementor-id=\"387\" class=\"elementor elementor-387\">\n\t\t\t\t\t\t<section class=\"elementor-section elementor-top-section elementor-element elementor-element-9af6479 elementor-section-stretched elementor-section-boxed elementor-section-height-default elementor-section-height-default wpr-particle-no wpr-jarallax-no wpr-parallax-no wpr-sticky-section-no\" data-id=\"9af6479\" data-element_type=\"section\" data-e-type=\"section\" data-settings=\"{&quot;stretch_section&quot;:&quot;section-stretched&quot;}\">\n\t\t\t\t\t\t<div class=\"elementor-container elementor-column-gap-default\">\n\t\t\t\t\t<div class=\"elementor-column elementor-col-100 elementor-top-column elementor-element elementor-element-6838846\" data-id=\"6838846\" data-element_type=\"column\" data-e-type=\"column\">\n\t\t\t<div class=\"elementor-widget-wrap elementor-element-populated\">\n\t\t\t\t\t\t<div class=\"elementor-element elementor-element-95b7878 elementor-widget elementor-widget-text-editor\" data-id=\"95b7878\" data-element_type=\"widget\" data-e-type=\"widget\" data-widget_type=\"text-editor.default\">\n\t\t\t\t<div class=\"elementor-widget-container\">\n\t\t\t\t\t\t\t\t\t<p style=\"text-align: center;\">\n<div class=\"wpcf7 no-js\" id=\"wpcf7-f6-o1\" lang=\"es-ES\" dir=\"ltr\" data-wpcf7-id=\"6\">\n<div class=\"screen-reader-response\"><p role=\"status\" aria-live=\"polite\" aria-atomic=\"true\"><\/p> <ul><\/ul><\/div>\n<form action=\"\/index.php?rest_route=%2Fwp%2Fv2%2Fpages%2F387#wpcf7-f6-o1\" method=\"post\" class=\"wpcf7-form init\" aria-label=\"Formulario de contacto\" novalidate=\"novalidate\" data-status=\"init\">\n<fieldset class=\"hidden-fields-container\"><input type=\"hidden\" name=\"_wpcf7\" value=\"6\" \/><input type=\"hidden\" name=\"_wpcf7_version\" value=\"6.1.5\" \/><input type=\"hidden\" name=\"_wpcf7_locale\" value=\"es_ES\" \/><input type=\"hidden\" name=\"_wpcf7_unit_tag\" value=\"wpcf7-f6-o1\" \/><input type=\"hidden\" name=\"_wpcf7_container_post\" value=\"0\" \/><input type=\"hidden\" name=\"_wpcf7_posted_data_hash\" value=\"\" \/>\n<\/fieldset>\n<p><label> Tu nombre (obligatorio)<br \/>\n<span class=\"wpcf7-form-control-wrap\" data-name=\"your-name\"><input size=\"40\" maxlength=\"400\" class=\"wpcf7-form-control wpcf7-text wpcf7-validates-as-required\" aria-required=\"true\" aria-invalid=\"false\" value=\"\" type=\"text\" name=\"your-name\" \/><\/span> <\/label>\n<\/p>\n<p><label> Tu correo electr\u00f3nico (obligatorio)<br \/>\n<span class=\"wpcf7-form-control-wrap\" data-name=\"your-email\"><input size=\"40\" maxlength=\"400\" class=\"wpcf7-form-control wpcf7-email wpcf7-validates-as-required wpcf7-text wpcf7-validates-as-email\" aria-required=\"true\" aria-invalid=\"false\" value=\"\" type=\"email\" name=\"your-email\" \/><\/span> <\/label>\n<\/p>\n<p><label> Asunto<br \/>\n<span class=\"wpcf7-form-control-wrap\" data-name=\"your-subject\"><input size=\"40\" maxlength=\"400\" class=\"wpcf7-form-control wpcf7-text\" aria-invalid=\"false\" value=\"\" type=\"text\" name=\"your-subject\" \/><\/span><\/label>\n<\/p>\n<p><label><span class=\"wpcf7-form-control-wrap\" data-name=\"menu-643\"><select class=\"wpcf7-form-control wpcf7-select wpcf7-validates-as-required\" aria-required=\"true\" aria-invalid=\"false\" name=\"menu-643\"><option value=\"\">&#8212;Por favor, elige una opci\u00f3n&#8212;<\/option><option value=\"Esquema Nacional de Seguridad (ENS)\">Esquema Nacional de Seguridad (ENS)<\/option><option value=\"ISO 27001\">ISO 27001<\/option><option value=\"Gesti\u00f3n de Riesgos (PILAR)\">Gesti\u00f3n de Riesgos (PILAR)<\/option><option value=\"Reglamento General de Protecci\u00f3n de Datos (RGPD)\">Reglamento General de Protecci\u00f3n de Datos (RGPD)<\/option><option value=\"POWER BI\">POWER BI<\/option><\/select><\/span> <\/label>\n<\/p>\n<p><label> Tu mensaje<br \/>\n<span class=\"wpcf7-form-control-wrap\" data-name=\"your-message\"><textarea cols=\"40\" rows=\"10\" maxlength=\"2000\" class=\"wpcf7-form-control wpcf7-textarea\" aria-invalid=\"false\" name=\"your-message\"><\/textarea><\/span> <\/label>\n<\/p>\n<p><label>Jaime Trinidad, como Responsable del Tratamiento de sus datos personales en cumplimiento de la Ley Org\u00e1nica 3\/2018, de 5 de diciembre, de Protecci\u00f3n de Datos Personales y garant\u00eda de los derechos digitales y el Reglamento (UE) 2016\/679 del Parlamento Europeo y del Consejo, de 27 de abril de 2016, relativo a la protecci\u00f3n de las personas f\u00edsicas en lo que respecta al tratamiento de datos personales y a la libre circulaci\u00f3n de estos datos (Reglamento General de Protecci\u00f3n de Datos), le informa, de manera expl\u00edcita e inequ\u00edvoca, que se va a proceder al tratamiento de sus datos de car\u00e1cter personal obtenidos del presente formulario, para el tratamiento \u00abGESTI\u00d3N DE CONTACTOS\u00bb y con la finalidad de: \u00abDar respuesta a consultas\u00bb.<\/label>\n<\/p>\n<p><span class=\"wpcf7-form-control-wrap\" data-name=\"radio-395\"><span class=\"wpcf7-form-control wpcf7-radio\"><span class=\"wpcf7-list-item first\"><label><input type=\"radio\" name=\"radio-395\" value=\"Doy mi consentimiento para el tratamiento GESTI\u00d3N DE CONTACTOS y la finalidad DAR RESPUESTA A CONSULTAS.\" \/><span class=\"wpcf7-list-item-label\">Doy mi consentimiento para el tratamiento GESTI\u00d3N DE CONTACTOS y la finalidad DAR RESPUESTA A CONSULTAS.<\/span><\/label><\/span><span class=\"wpcf7-list-item last\"><label><input type=\"radio\" name=\"radio-395\" value=\"No doy mi consentimiento para el tratamiento GESTI\u00d3N DE CONTACTOS y la finalidad DAR RESPUESTA A CONSULTAS.\" \/><span class=\"wpcf7-list-item-label\">No doy mi consentimiento para el tratamiento GESTI\u00d3N DE CONTACTOS y la finalidad DAR RESPUESTA A CONSULTAS.<\/span><\/label><\/span><\/span><\/span>\n<\/p>\n<p><Label><div class=\"dscf7-captcha-container\"><input name=\"dscf7_hidden_val1-dscf7captcha-467\" id=\"dscf7_hidden_val1-dscf7captcha-467\" type=\"hidden\" value=\"5\" \/><input name=\"dscf7_hidden_val2-dscf7captcha-467\" id=\"dscf7_hidden_val2-dscf7captcha-467\" type=\"hidden\" value=\"9\" \/><input name=\"dscf7_hidden_action-dscf7captcha-467\" id=\"dscf7_hidden_action-dscf7captcha-467\" type=\"hidden\" value=\"x\" \/><div class=\"dscf7-question-container\"><span class=\"dscf7_lt\">\u00bfCu\u00e1nto es 9 x 5? <a href=\"javascript:void(0)\" id=\"dscf7captcha-467\" class=\"dscf7_refresh_captcha\" aria-label=\"Refrescar captcha\"><img data-recalc-dims=\"1\" decoding=\"async\" class=\"dscf7_captcha_icon\" src=\"https:\/\/i0.wp.com\/jaimetrinidadlopd.es\/wp-content\/plugins\/ds-cf7-math-captcha\/assets\/img\/icons8-refresh-30.png?w=812&#038;ssl=1\" alt=\"Refrescar icono\"\/><img data-recalc-dims=\"1\" decoding=\"async\" class=\"dscf7_captcha_reload_icon\" src=\"https:\/\/i0.wp.com\/jaimetrinidadlopd.es\/wp-content\/plugins\/ds-cf7-math-captcha\/assets\/img\/446bcd468478f5bfb7b4e5c804571392_w200.gif?w=812&#038;ssl=1\" alt=\"Refrescando el captcha\" style=\"display:none; width:30px\" \/><\/a><\/span><\/div><div class=\"dscf7-answer-container\"><label for=\"dscf7captcha-467-input\" class=\"screen-reader-text\">Resultado de 9 x 5<\/label><span class=\"wpcf7-form-control-wrap\" data-name=\"dscf7captcha-467\"><input type=\"text\" id=\"dscf7captcha-467-input\" aria-label=\"Resultado de 9 x 5\" class=\"wpcf7-form-control wpcf7-text\" size=\"5\" value=\"\" name=\"dscf7captcha-467\" placeholder=\"Escribe tu respuesta\" style=\"\" oninput=\"this.value = this.value.replace(\/[^0-9.]\/g, '').replace(\/(\\..*)\\.\/g, '$1');\"><\/span><input type=\"hidden\" name=\"ds_cf7_nonce\" value=\"ddef304733\"><\/div><\/div><\/label>\n<\/p>\n<p><input class=\"wpcf7-form-control wpcf7-submit has-spinner\" type=\"submit\" value=\"Enviar\" \/>\n<\/p><p style=\"display: none !important;\" class=\"akismet-fields-container\" data-prefix=\"_wpcf7_ak_\"><label>&#916;<textarea name=\"_wpcf7_ak_hp_textarea\" cols=\"45\" rows=\"8\" maxlength=\"100\"><\/textarea><\/label><input type=\"hidden\" id=\"ak_js_1\" name=\"_wpcf7_ak_js\" value=\"241\"\/><script>document.getElementById( \"ak_js_1\" ).setAttribute( \"value\", ( new Date() ).getTime() );<\/script><\/p><div class=\"wpcf7-response-output\" aria-hidden=\"true\"><\/div>\n<\/form>\n<\/div>\n<\/p>\t\t\t\t\t\t\t\t<\/div>\n\t\t\t\t<\/div>\n\t\t\t\t\t<\/div>\n\t\t<\/div>\n\t\t\t\t\t<\/div>\n\t\t<\/section>\n\t\t\t\t<section class=\"elementor-section elementor-top-section elementor-element elementor-element-cd250a1 elementor-section-boxed elementor-section-height-default elementor-section-height-default wpr-particle-no wpr-jarallax-no wpr-parallax-no wpr-sticky-section-no\" data-id=\"cd250a1\" data-element_type=\"section\" data-e-type=\"section\">\n\t\t\t\t\t\t<div class=\"elementor-container elementor-column-gap-default\">\n\t\t\t\t\t<div class=\"elementor-column elementor-col-100 elementor-top-column elementor-element elementor-element-abb79b0\" data-id=\"abb79b0\" data-element_type=\"column\" data-e-type=\"column\">\n\t\t\t<div class=\"elementor-widget-wrap elementor-element-populated\">\n\t\t\t\t\t\t<div class=\"elementor-element elementor-element-1800dcf elementor-widget elementor-widget-image\" data-id=\"1800dcf\" data-element_type=\"widget\" data-e-type=\"widget\" data-widget_type=\"image.default\">\n\t\t\t\t<div class=\"elementor-widget-container\">\n\t\t\t\t\t\t\t\t\t\t\t\t\t\t\t<img fetchpriority=\"high\" decoding=\"async\" width=\"420\" height=\"146\" src=\"https:\/\/i0.wp.com\/jaimetrinidadlopd.es\/wp-content\/uploads\/2021\/01\/cropped-jaimetrinidadlopd3.webp?fit=420%2C146&amp;ssl=1\" class=\"attachment-large size-large wp-image-2384\" alt=\"\" srcset=\"https:\/\/i0.wp.com\/jaimetrinidadlopd.es\/wp-content\/uploads\/2021\/01\/cropped-jaimetrinidadlopd3.webp?w=420&amp;ssl=1 420w, https:\/\/i0.wp.com\/jaimetrinidadlopd.es\/wp-content\/uploads\/2021\/01\/cropped-jaimetrinidadlopd3.webp?resize=300%2C104&amp;ssl=1 300w\" sizes=\"(max-width: 420px) 100vw, 420px\" \/>\t\t\t\t\t\t\t\t\t\t\t\t\t\t\t<\/div>\n\t\t\t\t<\/div>\n\t\t\t\t\t<\/div>\n\t\t<\/div>\n\t\t\t\t\t<\/div>\n\t\t<\/section>\n\t\t\t\t<\/div>\n\t\t","protected":false},"excerpt":{"rendered":"","protected":false},"author":1,"featured_media":0,"parent":0,"menu_order":0,"comment_status":"closed","ping_status":"closed","template":"page-templates\/pagebuilder.php","meta":{"zakra_page_container_layout":"customizer","zakra_page_sidebar_layout":"customizer","zakra_remove_content_margin":true,"zakra_sidebar":"customizer","zakra_transparent_header":"0","zakra_logo":0,"zakra_main_header_style":"default","zakra_menu_item_color":"","zakra_menu_item_hover_color":"","zakra_menu_item_active_color":"","zakra_menu_active_style":"","zakra_page_header":true,"footnotes":""},"class_list":["post-387","page","type-page","status-publish","hentry"],"yoast_head":"<!-- This site is optimized with the Yoast SEO plugin v27.5 - https:\/\/yoast.com\/product\/yoast-seo-wordpress\/ -->\n<title>Contacto - EXPERTOS EN SEGURIDAD DE LA INFORMACI\u00d3N<\/title>\n<meta name=\"description\" content=\"Queremos aprovechar nuestros conocimientos y experiencia en Protecci\u00f3n de Datos y en Seguridad de la Informaci\u00f3n para ayudar a todas las personas que se encuentran perdidas en este tema tan importante.Resolvemos vuestras dudas de la manera m\u00e1s pr\u00e1ctica posible.Queremos ayudar a los j\u00f3venes, aut\u00f3nomos, a las empresas que est\u00e9n empezando (y a las que ya han empezado).Ingenier\u00eda Inform\u00e1tica y Derecho, Unidos.Si ten\u00e9is dudas o necesit\u00e1is ayuda. Una consulta a tiempo puede convertir un gran problema en un sencillo trabajo.\" \/>\n<meta name=\"robots\" content=\"index, follow, max-snippet:-1, max-image-preview:large, max-video-preview:-1\" \/>\n<link rel=\"canonical\" href=\"http:\/\/jaimetrinidadlopd.es\/?page_id=387\" \/>\n<meta property=\"og:locale\" content=\"es_ES\" \/>\n<meta property=\"og:type\" content=\"article\" \/>\n<meta property=\"og:title\" content=\"Contacto - EXPERTOS EN SEGURIDAD DE LA INFORMACI\u00d3N\" \/>\n<meta property=\"og:description\" content=\"Queremos aprovechar nuestros conocimientos y experiencia en Protecci\u00f3n de Datos y en Seguridad de la Informaci\u00f3n para ayudar a todas las personas que se encuentran perdidas en este tema tan importante.Resolvemos vuestras dudas de la manera m\u00e1s pr\u00e1ctica posible.Queremos ayudar a los j\u00f3venes, aut\u00f3nomos, a las empresas que est\u00e9n empezando (y a las que ya han empezado).Ingenier\u00eda Inform\u00e1tica y Derecho, Unidos.Si ten\u00e9is dudas o necesit\u00e1is ayuda. Una consulta a tiempo puede convertir un gran problema en un sencillo trabajo.\" \/>\n<meta property=\"og:url\" content=\"http:\/\/jaimetrinidadlopd.es\/?page_id=387\" \/>\n<meta property=\"og:site_name\" content=\"EXPERTOS EN SEGURIDAD DE LA INFORMACI\u00d3N\" \/>\n<meta property=\"article:modified_time\" content=\"2025-06-21T08:24:51+00:00\" \/>\n<meta property=\"og:image\" content=\"http:\/\/jaimetrinidadlopd.es\/wp-content\/uploads\/2021\/01\/cropped-jaimetrinidadlopd3.webp\" \/>\n<meta name=\"twitter:card\" content=\"summary_large_image\" \/>\n<meta name=\"twitter:label1\" content=\"Tiempo de lectura\" \/>\n\t<meta name=\"twitter:data1\" content=\"1 minuto\" \/>\n<script type=\"application\/ld+json\" class=\"yoast-schema-graph\">{\"@context\":\"https:\\\/\\\/schema.org\",\"@graph\":[{\"@type\":\"WebPage\",\"@id\":\"http:\\\/\\\/jaimetrinidadlopd.es\\\/?page_id=387\",\"url\":\"http:\\\/\\\/jaimetrinidadlopd.es\\\/?page_id=387\",\"name\":\"Contacto - EXPERTOS EN SEGURIDAD DE LA INFORMACI\u00d3N\",\"isPartOf\":{\"@id\":\"http:\\\/\\\/jaimetrinidadlopd.es\\\/#website\"},\"primaryImageOfPage\":{\"@id\":\"http:\\\/\\\/jaimetrinidadlopd.es\\\/?page_id=387#primaryimage\"},\"image\":{\"@id\":\"http:\\\/\\\/jaimetrinidadlopd.es\\\/?page_id=387#primaryimage\"},\"thumbnailUrl\":\"http:\\\/\\\/jaimetrinidadlopd.es\\\/wp-content\\\/uploads\\\/2021\\\/01\\\/cropped-jaimetrinidadlopd3.webp\",\"datePublished\":\"2019-02-06T15:29:31+00:00\",\"dateModified\":\"2025-06-21T08:24:51+00:00\",\"description\":\"Queremos aprovechar nuestros conocimientos y experiencia en Protecci\u00f3n de Datos y en Seguridad de la Informaci\u00f3n para ayudar a todas las personas que se encuentran perdidas en este tema tan importante.Resolvemos vuestras dudas de la manera m\u00e1s pr\u00e1ctica posible.Queremos ayudar a los j\u00f3venes, aut\u00f3nomos, a las empresas que est\u00e9n empezando (y a las que ya han empezado).Ingenier\u00eda Inform\u00e1tica y Derecho, Unidos.Si ten\u00e9is dudas o necesit\u00e1is ayuda. Una consulta a tiempo puede convertir un gran problema en un sencillo trabajo.\",\"breadcrumb\":{\"@id\":\"http:\\\/\\\/jaimetrinidadlopd.es\\\/?page_id=387#breadcrumb\"},\"inLanguage\":\"es\",\"potentialAction\":[{\"@type\":\"ReadAction\",\"target\":[\"http:\\\/\\\/jaimetrinidadlopd.es\\\/?page_id=387\"]}]},{\"@type\":\"ImageObject\",\"inLanguage\":\"es\",\"@id\":\"http:\\\/\\\/jaimetrinidadlopd.es\\\/?page_id=387#primaryimage\",\"url\":\"https:\\\/\\\/i0.wp.com\\\/jaimetrinidadlopd.es\\\/wp-content\\\/uploads\\\/2021\\\/01\\\/cropped-jaimetrinidadlopd3.webp?fit=420%2C146&ssl=1\",\"contentUrl\":\"https:\\\/\\\/i0.wp.com\\\/jaimetrinidadlopd.es\\\/wp-content\\\/uploads\\\/2021\\\/01\\\/cropped-jaimetrinidadlopd3.webp?fit=420%2C146&ssl=1\",\"width\":420,\"height\":146},{\"@type\":\"BreadcrumbList\",\"@id\":\"http:\\\/\\\/jaimetrinidadlopd.es\\\/?page_id=387#breadcrumb\",\"itemListElement\":[{\"@type\":\"ListItem\",\"position\":1,\"name\":\"Portada\",\"item\":\"http:\\\/\\\/jaimetrinidadlopd.es\\\/\"},{\"@type\":\"ListItem\",\"position\":2,\"name\":\"Contacto\"}]},{\"@type\":\"WebSite\",\"@id\":\"http:\\\/\\\/jaimetrinidadlopd.es\\\/#website\",\"url\":\"http:\\\/\\\/jaimetrinidadlopd.es\\\/\",\"name\":\"EXPERTOS EN SEGURIDAD DE LA INFORMACI\u00d3N Y PROTECCI\u00d3N DE DATOS\",\"description\":\"PROTECCI\u00d3N DE DATOS Y SEGURIDAD DE LA INFORMACI\u00d3N\",\"publisher\":{\"@id\":\"http:\\\/\\\/jaimetrinidadlopd.es\\\/#organization\"},\"potentialAction\":[{\"@type\":\"SearchAction\",\"target\":{\"@type\":\"EntryPoint\",\"urlTemplate\":\"http:\\\/\\\/jaimetrinidadlopd.es\\\/?s={search_term_string}\"},\"query-input\":{\"@type\":\"PropertyValueSpecification\",\"valueRequired\":true,\"valueName\":\"search_term_string\"}}],\"inLanguage\":\"es\"},{\"@type\":\"Organization\",\"@id\":\"http:\\\/\\\/jaimetrinidadlopd.es\\\/#organization\",\"name\":\"jaimetrinidadlopd.es\",\"url\":\"http:\\\/\\\/jaimetrinidadlopd.es\\\/\",\"logo\":{\"@type\":\"ImageObject\",\"inLanguage\":\"es\",\"@id\":\"http:\\\/\\\/jaimetrinidadlopd.es\\\/#\\\/schema\\\/logo\\\/image\\\/\",\"url\":\"http:\\\/\\\/jaimetrinidadlopd.es\\\/wp-content\\\/uploads\\\/2021\\\/01\\\/cropped-jaimetrinidadlopd3.png\",\"contentUrl\":\"http:\\\/\\\/jaimetrinidadlopd.es\\\/wp-content\\\/uploads\\\/2021\\\/01\\\/cropped-jaimetrinidadlopd3.png\",\"width\":420,\"height\":146,\"caption\":\"jaimetrinidadlopd.es\"},\"image\":{\"@id\":\"http:\\\/\\\/jaimetrinidadlopd.es\\\/#\\\/schema\\\/logo\\\/image\\\/\"}}]}<\/script>\n<!-- \/ Yoast SEO plugin. -->","yoast_head_json":{"title":"Contacto - EXPERTOS EN SEGURIDAD DE LA INFORMACI\u00d3N","description":"Queremos aprovechar nuestros conocimientos y experiencia en Protecci\u00f3n de Datos y en Seguridad de la Informaci\u00f3n para ayudar a todas las personas que se encuentran perdidas en este tema tan importante.Resolvemos vuestras dudas de la manera m\u00e1s pr\u00e1ctica posible.Queremos ayudar a los j\u00f3venes, aut\u00f3nomos, a las empresas que est\u00e9n empezando (y a las que ya han empezado).Ingenier\u00eda Inform\u00e1tica y Derecho, Unidos.Si ten\u00e9is dudas o necesit\u00e1is ayuda. Una consulta a tiempo puede convertir un gran problema en un sencillo trabajo.","robots":{"index":"index","follow":"follow","max-snippet":"max-snippet:-1","max-image-preview":"max-image-preview:large","max-video-preview":"max-video-preview:-1"},"canonical":"http:\/\/jaimetrinidadlopd.es\/?page_id=387","og_locale":"es_ES","og_type":"article","og_title":"Contacto - EXPERTOS EN SEGURIDAD DE LA INFORMACI\u00d3N","og_description":"Queremos aprovechar nuestros conocimientos y experiencia en Protecci\u00f3n de Datos y en Seguridad de la Informaci\u00f3n para ayudar a todas las personas que se encuentran perdidas en este tema tan importante.Resolvemos vuestras dudas de la manera m\u00e1s pr\u00e1ctica posible.Queremos ayudar a los j\u00f3venes, aut\u00f3nomos, a las empresas que est\u00e9n empezando (y a las que ya han empezado).Ingenier\u00eda Inform\u00e1tica y Derecho, Unidos.Si ten\u00e9is dudas o necesit\u00e1is ayuda. Una consulta a tiempo puede convertir un gran problema en un sencillo trabajo.","og_url":"http:\/\/jaimetrinidadlopd.es\/?page_id=387","og_site_name":"EXPERTOS EN SEGURIDAD DE LA INFORMACI\u00d3N","article_modified_time":"2025-06-21T08:24:51+00:00","og_image":[{"url":"http:\/\/jaimetrinidadlopd.es\/wp-content\/uploads\/2021\/01\/cropped-jaimetrinidadlopd3.webp","type":"","width":"","height":""}],"twitter_card":"summary_large_image","twitter_misc":{"Tiempo de lectura":"1 minuto"},"schema":{"@context":"https:\/\/schema.org","@graph":[{"@type":"WebPage","@id":"http:\/\/jaimetrinidadlopd.es\/?page_id=387","url":"http:\/\/jaimetrinidadlopd.es\/?page_id=387","name":"Contacto - EXPERTOS EN SEGURIDAD DE LA INFORMACI\u00d3N","isPartOf":{"@id":"http:\/\/jaimetrinidadlopd.es\/#website"},"primaryImageOfPage":{"@id":"http:\/\/jaimetrinidadlopd.es\/?page_id=387#primaryimage"},"image":{"@id":"http:\/\/jaimetrinidadlopd.es\/?page_id=387#primaryimage"},"thumbnailUrl":"http:\/\/jaimetrinidadlopd.es\/wp-content\/uploads\/2021\/01\/cropped-jaimetrinidadlopd3.webp","datePublished":"2019-02-06T15:29:31+00:00","dateModified":"2025-06-21T08:24:51+00:00","description":"Queremos aprovechar nuestros conocimientos y experiencia en Protecci\u00f3n de Datos y en Seguridad de la Informaci\u00f3n para ayudar a todas las personas que se encuentran perdidas en este tema tan importante.Resolvemos vuestras dudas de la manera m\u00e1s pr\u00e1ctica posible.Queremos ayudar a los j\u00f3venes, aut\u00f3nomos, a las empresas que est\u00e9n empezando (y a las que ya han empezado).Ingenier\u00eda Inform\u00e1tica y Derecho, Unidos.Si ten\u00e9is dudas o necesit\u00e1is ayuda. Una consulta a tiempo puede convertir un gran problema en un sencillo trabajo.","breadcrumb":{"@id":"http:\/\/jaimetrinidadlopd.es\/?page_id=387#breadcrumb"},"inLanguage":"es","potentialAction":[{"@type":"ReadAction","target":["http:\/\/jaimetrinidadlopd.es\/?page_id=387"]}]},{"@type":"ImageObject","inLanguage":"es","@id":"http:\/\/jaimetrinidadlopd.es\/?page_id=387#primaryimage","url":"https:\/\/i0.wp.com\/jaimetrinidadlopd.es\/wp-content\/uploads\/2021\/01\/cropped-jaimetrinidadlopd3.webp?fit=420%2C146&ssl=1","contentUrl":"https:\/\/i0.wp.com\/jaimetrinidadlopd.es\/wp-content\/uploads\/2021\/01\/cropped-jaimetrinidadlopd3.webp?fit=420%2C146&ssl=1","width":420,"height":146},{"@type":"BreadcrumbList","@id":"http:\/\/jaimetrinidadlopd.es\/?page_id=387#breadcrumb","itemListElement":[{"@type":"ListItem","position":1,"name":"Portada","item":"http:\/\/jaimetrinidadlopd.es\/"},{"@type":"ListItem","position":2,"name":"Contacto"}]},{"@type":"WebSite","@id":"http:\/\/jaimetrinidadlopd.es\/#website","url":"http:\/\/jaimetrinidadlopd.es\/","name":"EXPERTOS EN SEGURIDAD DE LA INFORMACI\u00d3N Y PROTECCI\u00d3N DE DATOS","description":"PROTECCI\u00d3N DE DATOS Y SEGURIDAD DE LA INFORMACI\u00d3N","publisher":{"@id":"http:\/\/jaimetrinidadlopd.es\/#organization"},"potentialAction":[{"@type":"SearchAction","target":{"@type":"EntryPoint","urlTemplate":"http:\/\/jaimetrinidadlopd.es\/?s={search_term_string}"},"query-input":{"@type":"PropertyValueSpecification","valueRequired":true,"valueName":"search_term_string"}}],"inLanguage":"es"},{"@type":"Organization","@id":"http:\/\/jaimetrinidadlopd.es\/#organization","name":"jaimetrinidadlopd.es","url":"http:\/\/jaimetrinidadlopd.es\/","logo":{"@type":"ImageObject","inLanguage":"es","@id":"http:\/\/jaimetrinidadlopd.es\/#\/schema\/logo\/image\/","url":"http:\/\/jaimetrinidadlopd.es\/wp-content\/uploads\/2021\/01\/cropped-jaimetrinidadlopd3.png","contentUrl":"http:\/\/jaimetrinidadlopd.es\/wp-content\/uploads\/2021\/01\/cropped-jaimetrinidadlopd3.png","width":420,"height":146,"caption":"jaimetrinidadlopd.es"},"image":{"@id":"http:\/\/jaimetrinidadlopd.es\/#\/schema\/logo\/image\/"}}]}},"jetpack_sharing_enabled":true,"_links":{"self":[{"href":"https:\/\/jaimetrinidadlopd.es\/index.php?rest_route=\/wp\/v2\/pages\/387","targetHints":{"allow":["GET"]}}],"collection":[{"href":"https:\/\/jaimetrinidadlopd.es\/index.php?rest_route=\/wp\/v2\/pages"}],"about":[{"href":"https:\/\/jaimetrinidadlopd.es\/index.php?rest_route=\/wp\/v2\/types\/page"}],"author":[{"embeddable":true,"href":"https:\/\/jaimetrinidadlopd.es\/index.php?rest_route=\/wp\/v2\/users\/1"}],"replies":[{"embeddable":true,"href":"https:\/\/jaimetrinidadlopd.es\/index.php?rest_route=%2Fwp%2Fv2%2Fcomments&post=387"}],"version-history":[{"count":33,"href":"https:\/\/jaimetrinidadlopd.es\/index.php?rest_route=\/wp\/v2\/pages\/387\/revisions"}],"predecessor-version":[{"id":2716,"href":"https:\/\/jaimetrinidadlopd.es\/index.php?rest_route=\/wp\/v2\/pages\/387\/revisions\/2716"}],"wp:attachment":[{"href":"https:\/\/jaimetrinidadlopd.es\/index.php?rest_route=%2Fwp%2Fv2%2Fmedia&parent=387"}],"curies":[{"name":"wp","href":"https:\/\/api.w.org\/{rel}","templated":true}]}}