{"id":2,"date":"2020-02-09T12:19:08","date_gmt":"2020-02-09T12:19:08","guid":{"rendered":"http:\/\/j0imeis0bel.myqnapcloud.com\/AsesoriaOrtiz&#038;Nogales\/?page_id=2"},"modified":"2025-06-21T07:52:52","modified_gmt":"2025-06-21T07:52:52","slug":"como-podemos-ayudarte-seguridad-de-la-informacion","status":"publish","type":"page","link":"https:\/\/jaimetrinidadlopd.es\/?page_id=2","title":{"rendered":"\u00bfC\u00f3mo podemos ayudarte?"},"content":{"rendered":"\t\t<div data-elementor-type=\"wp-page\" data-elementor-id=\"2\" class=\"elementor elementor-2\">\n\t\t\t\t\t\t<section class=\"elementor-section elementor-top-section elementor-element elementor-element-2678ac75 elementor-section-boxed elementor-section-height-default elementor-section-height-default wpr-particle-no wpr-jarallax-no wpr-parallax-no wpr-sticky-section-no\" data-id=\"2678ac75\" data-element_type=\"section\" data-e-type=\"section\">\n\t\t\t\t\t\t<div class=\"elementor-container elementor-column-gap-default\">\n\t\t\t\t\t<div class=\"elementor-column elementor-col-100 elementor-top-column elementor-element elementor-element-4ccee02e\" data-id=\"4ccee02e\" data-element_type=\"column\" data-e-type=\"column\">\n\t\t\t<div class=\"elementor-widget-wrap elementor-element-populated\">\n\t\t\t\t\t\t<div class=\"elementor-element elementor-element-3e91975a elementor-widget elementor-widget-text-editor\" data-id=\"3e91975a\" data-element_type=\"widget\" data-e-type=\"widget\" data-widget_type=\"text-editor.default\">\n\t\t\t\t<div class=\"elementor-widget-container\">\n\t\t\t\t\t\t\t\t\t<p>Nos hemos puesto como objetivo poder ayudar a las empresas y a las personas con el cumplimiento de la ley desde un punto de vista m\u00e1s sencillo y pr\u00e1ctico.<\/p>\n<p>Nuestro equipo cuenta con m\u00e1s de 15 a\u00f1os de experiencia en el campo de la <i><b>protecci\u00f3n de datos\u00a0 seguridad de la informaci\u00f3n y Power Bi<\/b>. <br \/><\/i><\/p>\n<p>En nuestra experiencia en los distintos campos hemos observado que el usuario quiere soluciones, adem\u00e1s de conocer la teor\u00eda. Conocer la ley esta bien, pero si adem\u00e1s sabes lo que hay que hacer pues mejor.<\/p>\n<p>Cuando una persona quiere crear una empresa, o darse de alta como aut\u00f3nomo debe hacer un mont\u00f3n de gestiones<\/p>\n<p><!-- \/wp:paragraph --><\/p>\n<p><!-- wp:paragraph --><\/p>\n<p>El primer paso es poner al servicio de todos la posibilidad de hacernos las consultas que necesiten.<\/p>\n<p><!-- \/wp:paragraph --><\/p>\t\t\t\t\t\t\t\t<\/div>\n\t\t\t\t<\/div>\n\t\t\t\t<div class=\"elementor-element elementor-element-10f62cd elementor-align-center elementor-widget elementor-widget-button\" data-id=\"10f62cd\" data-element_type=\"widget\" data-e-type=\"widget\" data-widget_type=\"button.default\">\n\t\t\t\t<div class=\"elementor-widget-container\">\n\t\t\t\t\t\t\t\t\t<div class=\"elementor-button-wrapper\">\n\t\t\t\t\t<a class=\"elementor-button elementor-button-link elementor-size-sm\" href=\"http:\/\/jaimetrinidadlopd.es\/?page_id=387\" target=\"_blank\">\n\t\t\t\t\t\t<span class=\"elementor-button-content-wrapper\">\n\t\t\t\t\t\t\t\t\t<span class=\"elementor-button-text\">Haz tu consulta<\/span>\n\t\t\t\t\t<\/span>\n\t\t\t\t\t<\/a>\n\t\t\t\t<\/div>\n\t\t\t\t\t\t\t\t<\/div>\n\t\t\t\t<\/div>\n\t\t\t\t\t<\/div>\n\t\t<\/div>\n\t\t\t\t\t<\/div>\n\t\t<\/section>\n\t\t\t\t<section class=\"elementor-section elementor-top-section elementor-element elementor-element-7194429 elementor-section-boxed elementor-section-height-default elementor-section-height-default wpr-particle-no wpr-jarallax-no wpr-parallax-no wpr-sticky-section-no\" data-id=\"7194429\" data-element_type=\"section\" data-e-type=\"section\">\n\t\t\t\t\t\t<div class=\"elementor-container elementor-column-gap-default\">\n\t\t\t\t\t<div class=\"elementor-column elementor-col-100 elementor-top-column elementor-element elementor-element-3436428\" data-id=\"3436428\" data-element_type=\"column\" data-e-type=\"column\">\n\t\t\t<div class=\"elementor-widget-wrap elementor-element-populated\">\n\t\t\t\t\t\t<div class=\"elementor-element elementor-element-2503c94 elementor-widget elementor-widget-video\" data-id=\"2503c94\" data-element_type=\"widget\" data-e-type=\"widget\" data-settings=\"{&quot;video_type&quot;:&quot;hosted&quot;,&quot;autoplay&quot;:&quot;yes&quot;,&quot;loop&quot;:&quot;yes&quot;,&quot;play_on_mobile&quot;:&quot;yes&quot;,&quot;controls&quot;:&quot;yes&quot;}\" data-widget_type=\"video.default\">\n\t\t\t\t<div class=\"elementor-widget-container\">\n\t\t\t\t\t\t\t<div class=\"e-hosted-video elementor-wrapper elementor-open-inline\">\n\t\t\t\t\t<video class=\"elementor-video\" src=\"http:\/\/jaimetrinidadlopd.es\/wp-content\/uploads\/2025\/06\/tarjeta-2.mp4\" autoplay=\"\" loop=\"\" controls=\"\" playsinline=\"\" controlsList=\"nodownload\"><\/video>\n\t\t\t\t<\/div>\n\t\t\t\t\t\t<\/div>\n\t\t\t\t<\/div>\n\t\t\t\t\t<\/div>\n\t\t<\/div>\n\t\t\t\t\t<\/div>\n\t\t<\/section>\n\t\t\t\t<\/div>\n\t\t","protected":false},"excerpt":{"rendered":"<p>Nos hemos puesto como objetivo poder ayudar a las empresas y a las personas con el cumplimiento de la ley desde un punto de vista m\u00e1s sencillo y pr\u00e1ctico. Nuestro equipo cuenta con m\u00e1s de 15 a\u00f1os de experiencia en el campo de la protecci\u00f3n de datos\u00a0 seguridad de la informaci\u00f3n y Power Bi. En nuestra experiencia en los distintos campos hemos observado que el usuario quiere soluciones, adem\u00e1s de conocer la teor\u00eda. Conocer la ley esta bien, pero si adem\u00e1s sabes lo que hay que hacer pues mejor. Cuando una persona quiere crear una empresa, o darse de alta como aut\u00f3nomo debe hacer un mont\u00f3n de gestiones El primer paso es poner al servicio de todos la posibilidad de hacernos las consultas que necesiten. Haz tu consulta http:\/\/jaimetrinidadlopd.es\/wp-content\/uploads\/2025\/06\/tarjeta-2.mp4<\/p>\n","protected":false},"author":1,"featured_media":0,"parent":24,"menu_order":0,"comment_status":"closed","ping_status":"open","template":"page-templates\/pagebuilder.php","meta":{"zakra_page_container_layout":"customizer","zakra_page_sidebar_layout":"customizer","zakra_remove_content_margin":false,"zakra_sidebar":"customizer","zakra_transparent_header":"customizer","zakra_logo":0,"zakra_main_header_style":"default","zakra_menu_item_color":"","zakra_menu_item_hover_color":"","zakra_menu_item_active_color":"","zakra_menu_active_style":"","zakra_page_header":true,"footnotes":""},"class_list":["post-2","page","type-page","status-publish","hentry"],"yoast_head":"<!-- This site is optimized with the Yoast SEO plugin v27.6 - https:\/\/yoast.com\/product\/yoast-seo-wordpress\/ -->\n<title>\u00bfC\u00f3mo podemos ayudarte? - EXPERTOS EN SEGURIDAD DE LA INFORMACI\u00d3N<\/title>\n<meta name=\"description\" content=\"Queremos aprovechar nuestros conocimientos y experiencia en Protecci\u00f3n de Datos y en Seguridad de la Informaci\u00f3n para ayudar a todas las personas que se encuentran perdidas en este tema tan importante.Resolvemos vuestras dudas de la manera m\u00e1s pr\u00e1ctica posible.Queremos ayudar a los j\u00f3venes, aut\u00f3nomos, a las empresas que est\u00e9n empezando (y a las que ya han empezado). Ingenier\u00eda Inform\u00e1tica y Derecho, Unidos.Si ten\u00e9is dudas o necesit\u00e1is ayuda. Una consulta a tiempo puede convertir un gran problema en un sencillo trabajo.\" \/>\n<meta name=\"robots\" content=\"index, follow, max-snippet:-1, max-image-preview:large, max-video-preview:-1\" \/>\n<link rel=\"canonical\" href=\"https:\/\/jaimetrinidadlopd.es\/?page_id=2\" \/>\n<meta property=\"og:locale\" content=\"es_ES\" \/>\n<meta property=\"og:type\" content=\"article\" \/>\n<meta property=\"og:title\" content=\"\u00bfC\u00f3mo podemos ayudarte? - EXPERTOS EN SEGURIDAD DE LA INFORMACI\u00d3N\" \/>\n<meta property=\"og:description\" content=\"Queremos aprovechar nuestros conocimientos y experiencia en Protecci\u00f3n de Datos y en Seguridad de la Informaci\u00f3n para ayudar a todas las personas que se encuentran perdidas en este tema tan importante.Resolvemos vuestras dudas de la manera m\u00e1s pr\u00e1ctica posible.Queremos ayudar a los j\u00f3venes, aut\u00f3nomos, a las empresas que est\u00e9n empezando (y a las que ya han empezado). Ingenier\u00eda Inform\u00e1tica y Derecho, Unidos.Si ten\u00e9is dudas o necesit\u00e1is ayuda. Una consulta a tiempo puede convertir un gran problema en un sencillo trabajo.\" \/>\n<meta property=\"og:url\" content=\"https:\/\/jaimetrinidadlopd.es\/?page_id=2\" \/>\n<meta property=\"og:site_name\" content=\"EXPERTOS EN SEGURIDAD DE LA INFORMACI\u00d3N\" \/>\n<meta property=\"article:modified_time\" content=\"2025-06-21T07:52:52+00:00\" \/>\n<meta name=\"twitter:card\" content=\"summary_large_image\" \/>\n<meta name=\"twitter:label1\" content=\"Tiempo de lectura\" \/>\n\t<meta name=\"twitter:data1\" content=\"1 minuto\" \/>\n<script type=\"application\/ld+json\" class=\"yoast-schema-graph\">{\"@context\":\"https:\\\/\\\/schema.org\",\"@graph\":[{\"@type\":\"WebPage\",\"@id\":\"https:\\\/\\\/jaimetrinidadlopd.es\\\/?page_id=2\",\"url\":\"https:\\\/\\\/jaimetrinidadlopd.es\\\/?page_id=2\",\"name\":\"\u00bfC\u00f3mo podemos ayudarte? - EXPERTOS EN SEGURIDAD DE LA INFORMACI\u00d3N\",\"isPartOf\":{\"@id\":\"http:\\\/\\\/jaimetrinidadlopd.es\\\/#website\"},\"datePublished\":\"2020-02-09T12:19:08+00:00\",\"dateModified\":\"2025-06-21T07:52:52+00:00\",\"description\":\"Queremos aprovechar nuestros conocimientos y experiencia en Protecci\u00f3n de Datos y en Seguridad de la Informaci\u00f3n para ayudar a todas las personas que se encuentran perdidas en este tema tan importante.Resolvemos vuestras dudas de la manera m\u00e1s pr\u00e1ctica posible.Queremos ayudar a los j\u00f3venes, aut\u00f3nomos, a las empresas que est\u00e9n empezando (y a las que ya han empezado). Ingenier\u00eda Inform\u00e1tica y Derecho, Unidos.Si ten\u00e9is dudas o necesit\u00e1is ayuda. Una consulta a tiempo puede convertir un gran problema en un sencillo trabajo.\",\"breadcrumb\":{\"@id\":\"https:\\\/\\\/jaimetrinidadlopd.es\\\/?page_id=2#breadcrumb\"},\"inLanguage\":\"es\",\"potentialAction\":[{\"@type\":\"ReadAction\",\"target\":[\"https:\\\/\\\/jaimetrinidadlopd.es\\\/?page_id=2\"]}]},{\"@type\":\"BreadcrumbList\",\"@id\":\"https:\\\/\\\/jaimetrinidadlopd.es\\\/?page_id=2#breadcrumb\",\"itemListElement\":[{\"@type\":\"ListItem\",\"position\":1,\"name\":\"Portada\",\"item\":\"http:\\\/\\\/jaimetrinidadlopd.es\\\/\"},{\"@type\":\"ListItem\",\"position\":2,\"name\":\"Inicio\",\"item\":\"http:\\\/\\\/jaimetrinidadlopd.es\\\/\"},{\"@type\":\"ListItem\",\"position\":3,\"name\":\"\u00bfC\u00f3mo podemos ayudarte?\"}]},{\"@type\":\"WebSite\",\"@id\":\"http:\\\/\\\/jaimetrinidadlopd.es\\\/#website\",\"url\":\"http:\\\/\\\/jaimetrinidadlopd.es\\\/\",\"name\":\"EXPERTOS EN SEGURIDAD DE LA INFORMACI\u00d3N Y PROTECCI\u00d3N DE DATOS\",\"description\":\"PROTECCI\u00d3N DE DATOS Y SEGURIDAD DE LA INFORMACI\u00d3N\",\"publisher\":{\"@id\":\"http:\\\/\\\/jaimetrinidadlopd.es\\\/#organization\"},\"potentialAction\":[{\"@type\":\"SearchAction\",\"target\":{\"@type\":\"EntryPoint\",\"urlTemplate\":\"http:\\\/\\\/jaimetrinidadlopd.es\\\/?s={search_term_string}\"},\"query-input\":{\"@type\":\"PropertyValueSpecification\",\"valueRequired\":true,\"valueName\":\"search_term_string\"}}],\"inLanguage\":\"es\"},{\"@type\":\"Organization\",\"@id\":\"http:\\\/\\\/jaimetrinidadlopd.es\\\/#organization\",\"name\":\"jaimetrinidadlopd.es\",\"url\":\"http:\\\/\\\/jaimetrinidadlopd.es\\\/\",\"logo\":{\"@type\":\"ImageObject\",\"inLanguage\":\"es\",\"@id\":\"http:\\\/\\\/jaimetrinidadlopd.es\\\/#\\\/schema\\\/logo\\\/image\\\/\",\"url\":\"http:\\\/\\\/jaimetrinidadlopd.es\\\/wp-content\\\/uploads\\\/2021\\\/01\\\/cropped-jaimetrinidadlopd3.png\",\"contentUrl\":\"http:\\\/\\\/jaimetrinidadlopd.es\\\/wp-content\\\/uploads\\\/2021\\\/01\\\/cropped-jaimetrinidadlopd3.png\",\"width\":420,\"height\":146,\"caption\":\"jaimetrinidadlopd.es\"},\"image\":{\"@id\":\"http:\\\/\\\/jaimetrinidadlopd.es\\\/#\\\/schema\\\/logo\\\/image\\\/\"}}]}<\/script>\n<!-- \/ Yoast SEO plugin. -->","yoast_head_json":{"title":"\u00bfC\u00f3mo podemos ayudarte? - EXPERTOS EN SEGURIDAD DE LA INFORMACI\u00d3N","description":"Queremos aprovechar nuestros conocimientos y experiencia en Protecci\u00f3n de Datos y en Seguridad de la Informaci\u00f3n para ayudar a todas las personas que se encuentran perdidas en este tema tan importante.Resolvemos vuestras dudas de la manera m\u00e1s pr\u00e1ctica posible.Queremos ayudar a los j\u00f3venes, aut\u00f3nomos, a las empresas que est\u00e9n empezando (y a las que ya han empezado). Ingenier\u00eda Inform\u00e1tica y Derecho, Unidos.Si ten\u00e9is dudas o necesit\u00e1is ayuda. Una consulta a tiempo puede convertir un gran problema en un sencillo trabajo.","robots":{"index":"index","follow":"follow","max-snippet":"max-snippet:-1","max-image-preview":"max-image-preview:large","max-video-preview":"max-video-preview:-1"},"canonical":"https:\/\/jaimetrinidadlopd.es\/?page_id=2","og_locale":"es_ES","og_type":"article","og_title":"\u00bfC\u00f3mo podemos ayudarte? - EXPERTOS EN SEGURIDAD DE LA INFORMACI\u00d3N","og_description":"Queremos aprovechar nuestros conocimientos y experiencia en Protecci\u00f3n de Datos y en Seguridad de la Informaci\u00f3n para ayudar a todas las personas que se encuentran perdidas en este tema tan importante.Resolvemos vuestras dudas de la manera m\u00e1s pr\u00e1ctica posible.Queremos ayudar a los j\u00f3venes, aut\u00f3nomos, a las empresas que est\u00e9n empezando (y a las que ya han empezado). Ingenier\u00eda Inform\u00e1tica y Derecho, Unidos.Si ten\u00e9is dudas o necesit\u00e1is ayuda. Una consulta a tiempo puede convertir un gran problema en un sencillo trabajo.","og_url":"https:\/\/jaimetrinidadlopd.es\/?page_id=2","og_site_name":"EXPERTOS EN SEGURIDAD DE LA INFORMACI\u00d3N","article_modified_time":"2025-06-21T07:52:52+00:00","twitter_card":"summary_large_image","twitter_misc":{"Tiempo de lectura":"1 minuto"},"schema":{"@context":"https:\/\/schema.org","@graph":[{"@type":"WebPage","@id":"https:\/\/jaimetrinidadlopd.es\/?page_id=2","url":"https:\/\/jaimetrinidadlopd.es\/?page_id=2","name":"\u00bfC\u00f3mo podemos ayudarte? - EXPERTOS EN SEGURIDAD DE LA INFORMACI\u00d3N","isPartOf":{"@id":"http:\/\/jaimetrinidadlopd.es\/#website"},"datePublished":"2020-02-09T12:19:08+00:00","dateModified":"2025-06-21T07:52:52+00:00","description":"Queremos aprovechar nuestros conocimientos y experiencia en Protecci\u00f3n de Datos y en Seguridad de la Informaci\u00f3n para ayudar a todas las personas que se encuentran perdidas en este tema tan importante.Resolvemos vuestras dudas de la manera m\u00e1s pr\u00e1ctica posible.Queremos ayudar a los j\u00f3venes, aut\u00f3nomos, a las empresas que est\u00e9n empezando (y a las que ya han empezado). Ingenier\u00eda Inform\u00e1tica y Derecho, Unidos.Si ten\u00e9is dudas o necesit\u00e1is ayuda. Una consulta a tiempo puede convertir un gran problema en un sencillo trabajo.","breadcrumb":{"@id":"https:\/\/jaimetrinidadlopd.es\/?page_id=2#breadcrumb"},"inLanguage":"es","potentialAction":[{"@type":"ReadAction","target":["https:\/\/jaimetrinidadlopd.es\/?page_id=2"]}]},{"@type":"BreadcrumbList","@id":"https:\/\/jaimetrinidadlopd.es\/?page_id=2#breadcrumb","itemListElement":[{"@type":"ListItem","position":1,"name":"Portada","item":"http:\/\/jaimetrinidadlopd.es\/"},{"@type":"ListItem","position":2,"name":"Inicio","item":"http:\/\/jaimetrinidadlopd.es\/"},{"@type":"ListItem","position":3,"name":"\u00bfC\u00f3mo podemos ayudarte?"}]},{"@type":"WebSite","@id":"http:\/\/jaimetrinidadlopd.es\/#website","url":"http:\/\/jaimetrinidadlopd.es\/","name":"EXPERTOS EN SEGURIDAD DE LA INFORMACI\u00d3N Y PROTECCI\u00d3N DE DATOS","description":"PROTECCI\u00d3N DE DATOS Y SEGURIDAD DE LA INFORMACI\u00d3N","publisher":{"@id":"http:\/\/jaimetrinidadlopd.es\/#organization"},"potentialAction":[{"@type":"SearchAction","target":{"@type":"EntryPoint","urlTemplate":"http:\/\/jaimetrinidadlopd.es\/?s={search_term_string}"},"query-input":{"@type":"PropertyValueSpecification","valueRequired":true,"valueName":"search_term_string"}}],"inLanguage":"es"},{"@type":"Organization","@id":"http:\/\/jaimetrinidadlopd.es\/#organization","name":"jaimetrinidadlopd.es","url":"http:\/\/jaimetrinidadlopd.es\/","logo":{"@type":"ImageObject","inLanguage":"es","@id":"http:\/\/jaimetrinidadlopd.es\/#\/schema\/logo\/image\/","url":"http:\/\/jaimetrinidadlopd.es\/wp-content\/uploads\/2021\/01\/cropped-jaimetrinidadlopd3.png","contentUrl":"http:\/\/jaimetrinidadlopd.es\/wp-content\/uploads\/2021\/01\/cropped-jaimetrinidadlopd3.png","width":420,"height":146,"caption":"jaimetrinidadlopd.es"},"image":{"@id":"http:\/\/jaimetrinidadlopd.es\/#\/schema\/logo\/image\/"}}]}},"jetpack_sharing_enabled":true,"_links":{"self":[{"href":"https:\/\/jaimetrinidadlopd.es\/index.php?rest_route=\/wp\/v2\/pages\/2","targetHints":{"allow":["GET"]}}],"collection":[{"href":"https:\/\/jaimetrinidadlopd.es\/index.php?rest_route=\/wp\/v2\/pages"}],"about":[{"href":"https:\/\/jaimetrinidadlopd.es\/index.php?rest_route=\/wp\/v2\/types\/page"}],"author":[{"embeddable":true,"href":"https:\/\/jaimetrinidadlopd.es\/index.php?rest_route=\/wp\/v2\/users\/1"}],"replies":[{"embeddable":true,"href":"https:\/\/jaimetrinidadlopd.es\/index.php?rest_route=%2Fwp%2Fv2%2Fcomments&post=2"}],"version-history":[{"count":33,"href":"https:\/\/jaimetrinidadlopd.es\/index.php?rest_route=\/wp\/v2\/pages\/2\/revisions"}],"predecessor-version":[{"id":2702,"href":"https:\/\/jaimetrinidadlopd.es\/index.php?rest_route=\/wp\/v2\/pages\/2\/revisions\/2702"}],"up":[{"embeddable":true,"href":"https:\/\/jaimetrinidadlopd.es\/index.php?rest_route=\/wp\/v2\/pages\/24"}],"wp:attachment":[{"href":"https:\/\/jaimetrinidadlopd.es\/index.php?rest_route=%2Fwp%2Fv2%2Fmedia&parent=2"}],"curies":[{"name":"wp","href":"https:\/\/api.w.org\/{rel}","templated":true}]}}