{"id":1480,"date":"2020-02-19T19:38:15","date_gmt":"2020-02-19T19:38:15","guid":{"rendered":"http:\/\/j0imeis0bel.myqnapcloud.com\/AsesoriaOrtizNogales\/?page_id=1480"},"modified":"2024-02-04T11:02:49","modified_gmt":"2024-02-04T11:02:49","slug":"aviso-legal","status":"publish","type":"page","link":"https:\/\/jaimetrinidadlopd.es\/?page_id=1480","title":{"rendered":"Aviso Legal"},"content":{"rendered":"\t\t<div data-elementor-type=\"wp-page\" data-elementor-id=\"1480\" class=\"elementor elementor-1480\">\n\t\t\t\t\t\t<section class=\"elementor-section elementor-top-section elementor-element elementor-element-60639dda elementor-section-boxed elementor-section-height-default elementor-section-height-default wpr-particle-no wpr-jarallax-no wpr-parallax-no wpr-sticky-section-no\" data-id=\"60639dda\" data-element_type=\"section\" data-e-type=\"section\">\n\t\t\t\t\t\t<div class=\"elementor-container elementor-column-gap-default\">\n\t\t\t\t\t<div class=\"elementor-column elementor-col-100 elementor-top-column elementor-element elementor-element-54463563\" data-id=\"54463563\" data-element_type=\"column\" data-e-type=\"column\">\n\t\t\t<div class=\"elementor-widget-wrap elementor-element-populated\">\n\t\t\t\t\t\t<div class=\"elementor-element elementor-element-29638aad elementor-widget elementor-widget-text-editor\" data-id=\"29638aad\" data-element_type=\"widget\" data-e-type=\"widget\" data-widget_type=\"text-editor.default\">\n\t\t\t\t<div class=\"elementor-widget-container\">\n\t\t\t\t\t\t\t\t\t<p><\/p>\n<h2 class=\"wp-block-heading\">Qui\u00e9nes somos<\/h2>\n<p>Como de momento esto lo hacemos por amor al arte estos son los datos que dejamos:<\/p>\n<p><\/p>\n<p><\/p>\n<ul class=\"wp-block-list\">\n<li><span style=\"font-size: 1rem;\">Ingenieros Inform\u00e1ticos.<\/span><\/li>\n<li><span style=\"font-size: 1rem;\">jaime.ortiz@jaimetrinidadlopd.es<\/span><\/li>\n<li>http:\/\/jaimetrinidadlopd.es\/?page_id=387<\/li>\n<li>www.linkedin.com\/in\/jaime-trinidad-ortiz-diaz-miguel<\/li>\n<\/ul>\n<p><\/p>\n<p><\/p>\n<p><\/p>\n<p><\/p>\n<p><\/p>\n<p><\/p>\n<p><\/p>\t\t\t\t\t\t\t\t<\/div>\n\t\t\t\t<\/div>\n\t\t\t\t\t<\/div>\n\t\t<\/div>\n\t\t\t\t\t<\/div>\n\t\t<\/section>\n\t\t\t\t<\/div>\n\t\t","protected":false},"excerpt":{"rendered":"<p>Qui\u00e9nes somos Como de momento esto lo hacemos por amor al arte estos son los datos que dejamos: Ingenieros Inform\u00e1ticos. jaime.ortiz@jaimetrinidadlopd.es http:\/\/jaimetrinidadlopd.es\/?page_id=387 www.linkedin.com\/in\/jaime-trinidad-ortiz-diaz-miguel<\/p>\n","protected":false},"author":1,"featured_media":0,"parent":0,"menu_order":0,"comment_status":"closed","ping_status":"open","template":"","meta":{"zakra_page_container_layout":"customizer","zakra_page_sidebar_layout":"customizer","zakra_remove_content_margin":false,"zakra_sidebar":"customizer","zakra_transparent_header":"customizer","zakra_logo":0,"zakra_main_header_style":"default","zakra_menu_item_color":"","zakra_menu_item_hover_color":"","zakra_menu_item_active_color":"","zakra_menu_active_style":"","zakra_page_header":true,"footnotes":""},"class_list":["post-1480","page","type-page","status-publish","hentry"],"yoast_head":"<!-- This site is optimized with the Yoast SEO plugin v27.5 - https:\/\/yoast.com\/product\/yoast-seo-wordpress\/ -->\n<title>Aviso Legal - EXPERTOS EN SEGURIDAD DE LA INFORMACI\u00d3N<\/title>\n<meta name=\"description\" content=\"Queremos aprovechar nuestros conocimientos y experiencia en Protecci\u00f3n de Datos y en Seguridad de la Informaci\u00f3n para ayudar a todas las personas que se encuentran perdidas en este tema tan importante.Resolvemos vuestras dudas de la manera m\u00e1s pr\u00e1ctica posible.Queremos ayudar a los j\u00f3venes, aut\u00f3nomos, a las empresas que est\u00e9n empezando (y a las que ya han empezado).Ingenier\u00eda Inform\u00e1tica y Derecho, Unidos.Si ten\u00e9is dudas o necesit\u00e1is ayuda. Una consulta a tiempo puede convertir un gran problema en un sencillo trabajo.\" \/>\n<meta name=\"robots\" content=\"index, follow, max-snippet:-1, max-image-preview:large, max-video-preview:-1\" \/>\n<link rel=\"canonical\" href=\"https:\/\/jaimetrinidadlopd.es\/?page_id=1480\" \/>\n<meta property=\"og:locale\" content=\"es_ES\" \/>\n<meta property=\"og:type\" content=\"article\" \/>\n<meta property=\"og:title\" content=\"Aviso Legal - EXPERTOS EN SEGURIDAD DE LA INFORMACI\u00d3N\" \/>\n<meta property=\"og:description\" content=\"Queremos aprovechar nuestros conocimientos y experiencia en Protecci\u00f3n de Datos y en Seguridad de la Informaci\u00f3n para ayudar a todas las personas que se encuentran perdidas en este tema tan importante.Resolvemos vuestras dudas de la manera m\u00e1s pr\u00e1ctica posible.Queremos ayudar a los j\u00f3venes, aut\u00f3nomos, a las empresas que est\u00e9n empezando (y a las que ya han empezado).Ingenier\u00eda Inform\u00e1tica y Derecho, Unidos.Si ten\u00e9is dudas o necesit\u00e1is ayuda. Una consulta a tiempo puede convertir un gran problema en un sencillo trabajo.\" \/>\n<meta property=\"og:url\" content=\"https:\/\/jaimetrinidadlopd.es\/?page_id=1480\" \/>\n<meta property=\"og:site_name\" content=\"EXPERTOS EN SEGURIDAD DE LA INFORMACI\u00d3N\" \/>\n<meta property=\"article:modified_time\" content=\"2024-02-04T11:02:49+00:00\" \/>\n<meta name=\"twitter:card\" content=\"summary_large_image\" \/>\n<script type=\"application\/ld+json\" class=\"yoast-schema-graph\">{\"@context\":\"https:\\\/\\\/schema.org\",\"@graph\":[{\"@type\":\"WebPage\",\"@id\":\"https:\\\/\\\/jaimetrinidadlopd.es\\\/?page_id=1480\",\"url\":\"https:\\\/\\\/jaimetrinidadlopd.es\\\/?page_id=1480\",\"name\":\"Aviso Legal - EXPERTOS EN SEGURIDAD DE LA INFORMACI\u00d3N\",\"isPartOf\":{\"@id\":\"http:\\\/\\\/jaimetrinidadlopd.es\\\/#website\"},\"datePublished\":\"2020-02-19T19:38:15+00:00\",\"dateModified\":\"2024-02-04T11:02:49+00:00\",\"description\":\"Queremos aprovechar nuestros conocimientos y experiencia en Protecci\u00f3n de Datos y en Seguridad de la Informaci\u00f3n para ayudar a todas las personas que se encuentran perdidas en este tema tan importante.Resolvemos vuestras dudas de la manera m\u00e1s pr\u00e1ctica posible.Queremos ayudar a los j\u00f3venes, aut\u00f3nomos, a las empresas que est\u00e9n empezando (y a las que ya han empezado).Ingenier\u00eda Inform\u00e1tica y Derecho, Unidos.Si ten\u00e9is dudas o necesit\u00e1is ayuda. Una consulta a tiempo puede convertir un gran problema en un sencillo trabajo.\",\"breadcrumb\":{\"@id\":\"https:\\\/\\\/jaimetrinidadlopd.es\\\/?page_id=1480#breadcrumb\"},\"inLanguage\":\"es\",\"potentialAction\":[{\"@type\":\"ReadAction\",\"target\":[\"https:\\\/\\\/jaimetrinidadlopd.es\\\/?page_id=1480\"]}]},{\"@type\":\"BreadcrumbList\",\"@id\":\"https:\\\/\\\/jaimetrinidadlopd.es\\\/?page_id=1480#breadcrumb\",\"itemListElement\":[{\"@type\":\"ListItem\",\"position\":1,\"name\":\"Portada\",\"item\":\"http:\\\/\\\/jaimetrinidadlopd.es\\\/\"},{\"@type\":\"ListItem\",\"position\":2,\"name\":\"Aviso Legal\"}]},{\"@type\":\"WebSite\",\"@id\":\"http:\\\/\\\/jaimetrinidadlopd.es\\\/#website\",\"url\":\"http:\\\/\\\/jaimetrinidadlopd.es\\\/\",\"name\":\"EXPERTOS EN SEGURIDAD DE LA INFORMACI\u00d3N Y PROTECCI\u00d3N DE DATOS\",\"description\":\"PROTECCI\u00d3N DE DATOS Y SEGURIDAD DE LA INFORMACI\u00d3N\",\"publisher\":{\"@id\":\"http:\\\/\\\/jaimetrinidadlopd.es\\\/#organization\"},\"potentialAction\":[{\"@type\":\"SearchAction\",\"target\":{\"@type\":\"EntryPoint\",\"urlTemplate\":\"http:\\\/\\\/jaimetrinidadlopd.es\\\/?s={search_term_string}\"},\"query-input\":{\"@type\":\"PropertyValueSpecification\",\"valueRequired\":true,\"valueName\":\"search_term_string\"}}],\"inLanguage\":\"es\"},{\"@type\":\"Organization\",\"@id\":\"http:\\\/\\\/jaimetrinidadlopd.es\\\/#organization\",\"name\":\"jaimetrinidadlopd.es\",\"url\":\"http:\\\/\\\/jaimetrinidadlopd.es\\\/\",\"logo\":{\"@type\":\"ImageObject\",\"inLanguage\":\"es\",\"@id\":\"http:\\\/\\\/jaimetrinidadlopd.es\\\/#\\\/schema\\\/logo\\\/image\\\/\",\"url\":\"http:\\\/\\\/jaimetrinidadlopd.es\\\/wp-content\\\/uploads\\\/2021\\\/01\\\/cropped-jaimetrinidadlopd3.png\",\"contentUrl\":\"http:\\\/\\\/jaimetrinidadlopd.es\\\/wp-content\\\/uploads\\\/2021\\\/01\\\/cropped-jaimetrinidadlopd3.png\",\"width\":420,\"height\":146,\"caption\":\"jaimetrinidadlopd.es\"},\"image\":{\"@id\":\"http:\\\/\\\/jaimetrinidadlopd.es\\\/#\\\/schema\\\/logo\\\/image\\\/\"}}]}<\/script>\n<!-- \/ Yoast SEO plugin. -->","yoast_head_json":{"title":"Aviso Legal - EXPERTOS EN SEGURIDAD DE LA INFORMACI\u00d3N","description":"Queremos aprovechar nuestros conocimientos y experiencia en Protecci\u00f3n de Datos y en Seguridad de la Informaci\u00f3n para ayudar a todas las personas que se encuentran perdidas en este tema tan importante.Resolvemos vuestras dudas de la manera m\u00e1s pr\u00e1ctica posible.Queremos ayudar a los j\u00f3venes, aut\u00f3nomos, a las empresas que est\u00e9n empezando (y a las que ya han empezado).Ingenier\u00eda Inform\u00e1tica y Derecho, Unidos.Si ten\u00e9is dudas o necesit\u00e1is ayuda. Una consulta a tiempo puede convertir un gran problema en un sencillo trabajo.","robots":{"index":"index","follow":"follow","max-snippet":"max-snippet:-1","max-image-preview":"max-image-preview:large","max-video-preview":"max-video-preview:-1"},"canonical":"https:\/\/jaimetrinidadlopd.es\/?page_id=1480","og_locale":"es_ES","og_type":"article","og_title":"Aviso Legal - EXPERTOS EN SEGURIDAD DE LA INFORMACI\u00d3N","og_description":"Queremos aprovechar nuestros conocimientos y experiencia en Protecci\u00f3n de Datos y en Seguridad de la Informaci\u00f3n para ayudar a todas las personas que se encuentran perdidas en este tema tan importante.Resolvemos vuestras dudas de la manera m\u00e1s pr\u00e1ctica posible.Queremos ayudar a los j\u00f3venes, aut\u00f3nomos, a las empresas que est\u00e9n empezando (y a las que ya han empezado).Ingenier\u00eda Inform\u00e1tica y Derecho, Unidos.Si ten\u00e9is dudas o necesit\u00e1is ayuda. Una consulta a tiempo puede convertir un gran problema en un sencillo trabajo.","og_url":"https:\/\/jaimetrinidadlopd.es\/?page_id=1480","og_site_name":"EXPERTOS EN SEGURIDAD DE LA INFORMACI\u00d3N","article_modified_time":"2024-02-04T11:02:49+00:00","twitter_card":"summary_large_image","schema":{"@context":"https:\/\/schema.org","@graph":[{"@type":"WebPage","@id":"https:\/\/jaimetrinidadlopd.es\/?page_id=1480","url":"https:\/\/jaimetrinidadlopd.es\/?page_id=1480","name":"Aviso Legal - EXPERTOS EN SEGURIDAD DE LA INFORMACI\u00d3N","isPartOf":{"@id":"http:\/\/jaimetrinidadlopd.es\/#website"},"datePublished":"2020-02-19T19:38:15+00:00","dateModified":"2024-02-04T11:02:49+00:00","description":"Queremos aprovechar nuestros conocimientos y experiencia en Protecci\u00f3n de Datos y en Seguridad de la Informaci\u00f3n para ayudar a todas las personas que se encuentran perdidas en este tema tan importante.Resolvemos vuestras dudas de la manera m\u00e1s pr\u00e1ctica posible.Queremos ayudar a los j\u00f3venes, aut\u00f3nomos, a las empresas que est\u00e9n empezando (y a las que ya han empezado).Ingenier\u00eda Inform\u00e1tica y Derecho, Unidos.Si ten\u00e9is dudas o necesit\u00e1is ayuda. Una consulta a tiempo puede convertir un gran problema en un sencillo trabajo.","breadcrumb":{"@id":"https:\/\/jaimetrinidadlopd.es\/?page_id=1480#breadcrumb"},"inLanguage":"es","potentialAction":[{"@type":"ReadAction","target":["https:\/\/jaimetrinidadlopd.es\/?page_id=1480"]}]},{"@type":"BreadcrumbList","@id":"https:\/\/jaimetrinidadlopd.es\/?page_id=1480#breadcrumb","itemListElement":[{"@type":"ListItem","position":1,"name":"Portada","item":"http:\/\/jaimetrinidadlopd.es\/"},{"@type":"ListItem","position":2,"name":"Aviso Legal"}]},{"@type":"WebSite","@id":"http:\/\/jaimetrinidadlopd.es\/#website","url":"http:\/\/jaimetrinidadlopd.es\/","name":"EXPERTOS EN SEGURIDAD DE LA INFORMACI\u00d3N Y PROTECCI\u00d3N DE DATOS","description":"PROTECCI\u00d3N DE DATOS Y SEGURIDAD DE LA INFORMACI\u00d3N","publisher":{"@id":"http:\/\/jaimetrinidadlopd.es\/#organization"},"potentialAction":[{"@type":"SearchAction","target":{"@type":"EntryPoint","urlTemplate":"http:\/\/jaimetrinidadlopd.es\/?s={search_term_string}"},"query-input":{"@type":"PropertyValueSpecification","valueRequired":true,"valueName":"search_term_string"}}],"inLanguage":"es"},{"@type":"Organization","@id":"http:\/\/jaimetrinidadlopd.es\/#organization","name":"jaimetrinidadlopd.es","url":"http:\/\/jaimetrinidadlopd.es\/","logo":{"@type":"ImageObject","inLanguage":"es","@id":"http:\/\/jaimetrinidadlopd.es\/#\/schema\/logo\/image\/","url":"http:\/\/jaimetrinidadlopd.es\/wp-content\/uploads\/2021\/01\/cropped-jaimetrinidadlopd3.png","contentUrl":"http:\/\/jaimetrinidadlopd.es\/wp-content\/uploads\/2021\/01\/cropped-jaimetrinidadlopd3.png","width":420,"height":146,"caption":"jaimetrinidadlopd.es"},"image":{"@id":"http:\/\/jaimetrinidadlopd.es\/#\/schema\/logo\/image\/"}}]}},"jetpack_sharing_enabled":true,"_links":{"self":[{"href":"https:\/\/jaimetrinidadlopd.es\/index.php?rest_route=\/wp\/v2\/pages\/1480","targetHints":{"allow":["GET"]}}],"collection":[{"href":"https:\/\/jaimetrinidadlopd.es\/index.php?rest_route=\/wp\/v2\/pages"}],"about":[{"href":"https:\/\/jaimetrinidadlopd.es\/index.php?rest_route=\/wp\/v2\/types\/page"}],"author":[{"embeddable":true,"href":"https:\/\/jaimetrinidadlopd.es\/index.php?rest_route=\/wp\/v2\/users\/1"}],"replies":[{"embeddable":true,"href":"https:\/\/jaimetrinidadlopd.es\/index.php?rest_route=%2Fwp%2Fv2%2Fcomments&post=1480"}],"version-history":[{"count":7,"href":"https:\/\/jaimetrinidadlopd.es\/index.php?rest_route=\/wp\/v2\/pages\/1480\/revisions"}],"predecessor-version":[{"id":2544,"href":"https:\/\/jaimetrinidadlopd.es\/index.php?rest_route=\/wp\/v2\/pages\/1480\/revisions\/2544"}],"wp:attachment":[{"href":"https:\/\/jaimetrinidadlopd.es\/index.php?rest_route=%2Fwp%2Fv2%2Fmedia&parent=1480"}],"curies":[{"name":"wp","href":"https:\/\/api.w.org\/{rel}","templated":true}]}}