{"id":1306,"date":"2020-02-12T12:29:15","date_gmt":"2020-02-12T12:29:15","guid":{"rendered":"http:\/\/j0imeis0bel.myqnapcloud.com\/AsesoriaOrtizNogales\/?page_id=1306"},"modified":"2020-05-01T15:14:00","modified_gmt":"2020-05-01T15:14:00","slug":"politica-de-cookies","status":"publish","type":"page","link":"https:\/\/jaimetrinidadlopd.es\/?page_id=1306","title":{"rendered":"Pol\u00edtica de Cookies"},"content":{"rendered":"\n<h2 class=\"wp-block-heading\">\u00bfQue es una Cookie?<\/h2>\n\n\n\n<p> Las cookies son archivos que se pueden descargar en su equipo a trav\u00e9s  de las p\u00e1ginas web. Son herramientas que tienen un papel esencial para  la prestaci\u00f3n de numerosos servicios de la sociedad de la informaci\u00f3n.  Entre otros, permiten a una p\u00e1gina web almacenar y recuperar informaci\u00f3n  sobre los h\u00e1bitos de navegaci\u00f3n de un usuario o de su equipo y,  dependiendo de la informaci\u00f3n obtenida, se pueden utilizar para  reconocer al usuario y mejorar el servicio ofrecido.  <\/p>\n\n\n\n<h2 class=\"wp-block-heading\">Tipos de Cookies<\/h2>\n\n\n\n<p>Seg\u00fan quien sea la entidad que gestione el dominio desde donde se \nenv\u00edan las cookies y trate los datos que se obtengan se pueden \ndistinguir dos tipos: <strong>cookies propias y cookies de terceros <\/strong>. <\/p>\n\n\n\n<p>Existe tambi\u00e9n una segunda clasificaci\u00f3n seg\u00fan el plazo de tiempo que\n permanecen almacenadas en el navegador del cliente, pudiendo tratarse \nde <strong>cookies de sesi\u00f3n o cookies persistentes <\/strong>. <\/p>\n\n\n\n<p>Por \u00faltimo, existe otra clasificaci\u00f3n con cinco tipos de cookies seg\u00fan la finalidad para la que se traten los datos obtenidos: <strong>cookies t\u00e9cnicas, cookies de personalizaci\u00f3n, cookies de an\u00e1lisis, cookies publicitarias y cookies de publicidad comportamental <\/strong>. <\/p>\n\n\n\n<p>Para m\u00e1s informaci\u00f3n a este respecto puede consultar la <a href=\"http:\/\/www.agpd.es\/portalwebAGPD\/canaldocumentacion\/publicaciones\/common\/Guias\/Guia_Cookies.pdf\">Gu\u00eda sobre el uso de las cookies de la Agencia Espa\u00f1ola de Protecci\u00f3n de Datos <\/a><\/p>\n\n\n\n<h3 class=\"wp-block-heading\"> Cookies utilizadas en la web<\/h3>\n\n\n\n<p>A continuaci\u00f3n se identifican las cookies que est\u00e1n siendo utilizadas en este portal as\u00ed como su tipolog\u00eda y funci\u00f3n: <\/p>\n\n\n\n<p><strong>Google Analytics <\/strong>,  un servicio de anal\u00edtica web desarrollada por Google, que permite la  medici\u00f3n y an\u00e1lisis de la navegaci\u00f3n en las p\u00e1ginas web. En su navegador  podr\u00e1 observar <strong>4 cookies de este servicio <\/strong>. Seg\u00fan la  tipolog\u00eda anterior se trata de cookies propias, de sesi\u00f3n y de an\u00e1lisis.  Puede encontrar m\u00e1s informaci\u00f3n al respecto e inhabilitar el uso de  estas cookies <a href=\"http:\/\/www.google.es\/intl\/es\/analytics\/privacyoverview.html\">www.google.es\/intl\/es\/analytics\/privacyoverview.html <\/a>. <\/p>\n\n\n\n<p>A trav\u00e9s de la anal\u00edtica web se obtiene informaci\u00f3n relativa al \nn\u00famero de usuarios que acceden a la web, el n\u00famero de p\u00e1ginas vistas, la\n frecuencia y repetici\u00f3n de las visitas, su duraci\u00f3n, el navegador \nutilizado, el operador que presta el servicio, el idioma, el terminal \nque utiliza, o la ciudad a la que est\u00e1 asignada su direcci\u00f3n IP. \nInformaci\u00f3n que posibilita un mejor y m\u00e1s apropiado servicio por parte \nde este portal. <\/p>\n\n\n\n<p>Otra de las cookies que se descargan es una cookie de tipo t\u00e9cnico denominada <strong>ASP.NET_SessionId <\/strong>.\n Esta cookie permite almacenar un identificador \u00fanico por sesi\u00f3n a \ntrav\u00e9s del que es posible vincular datos necesarios para posibilitar la \nnavegaci\u00f3n en curso. <\/p>\n\n\n\n<p>Por \u00faltimo, se descarga una cookie de tipo t\u00e9cnico denominada <strong>cookies_policy <\/strong>,\n propia, de tipo t\u00e9cnico y de sesi\u00f3n. Gestiona el consentimiento del \nusuario&nbsp;para el uso de las cookies en la p\u00e1gina web, con el objeto de \nrecordar aquellos usuarios que las han aceptado y aquellos que no, de \nmodo que a los primeros no se les muestre informaci\u00f3n en la parte \nsuperior de la p\u00e1gina al respecto. <\/p>\n\n\n\n<h3 class=\"wp-block-heading\"> Aceptaci\u00f3n de la Pol\u00edtica de cookies<\/h3>\n\n\n\n<p>Se asume que usted acepta el uso de cookies. No obstante,  muestra informaci\u00f3n sobre su Pol\u00edtica de cookies en la parte superior de  cualquier p\u00e1gina del portal con cada inicio de sesi\u00f3n con el objeto de  que usted sea consciente. <\/p>\n\n\n\n<p>Ante esta informaci\u00f3n es posible llevar a cabo las siguientes acciones: <\/p>\n\n\n\n<ul class=\"wp-block-list\"><li><strong>Aceptar cookies. <\/strong>No se volver\u00e1 a visualizar este aviso al acceder a cualquier p\u00e1gina del portal durante la presente sesi\u00f3n. <\/li><li><strong>Cerrar. <\/strong>Se oculta el aviso en la presente p\u00e1gina. <\/li><\/ul>\n\n\n\n<p><\/p>\n\n\n\n<h2 class=\"wp-block-heading\">C\u00f3mo modificar la configuraci\u00f3n de las cookies  <\/h2>\n\n\n\n<p>Usted puede restringir, bloquear o borrar las cookies utilizando su navegador. En cada navegador la operativa es diferente, la  funci\u00f3n de &#8216;Ayuda&#8217; le mostrar\u00e1 c\u00f3mo hacerlo. <\/p>\n\n\n\n<ul class=\"wp-block-list\"><li><strong>Internet Explorer: <\/strong><a href=\"http:\/\/windows.microsoft.com\/es-xl\/internet-explorer\/delete-manage-cookies#ie=ie-10\">windows.microsoft.com\/es-xl\/internet-explorer\/delete-manage-cookies#ie=ie-10 <\/a><\/li><li><strong>FireFox: <\/strong><a href=\"https:\/\/support.mozilla.org\/es\/kb\/Borrar%20cookies\">support.mozilla.org\/es\/kb\/Borrar%20cookies <\/a><\/li><li><strong>Chrome: <\/strong><a href=\"https:\/\/support.google.com\/chrome\/answer\/95647?hl=es\">support.google.com\/chrome\/answer\/95647?hl=es <\/a><\/li><li><strong>Safari: <\/strong><a href=\"http:\/\/www.apple.com\/es\/privacy\/use-of-cookies\/\">www.apple.com\/es\/privacy\/use-of-cookies\/ <\/a><\/li><\/ul>\n\n\n\n<p>Adem\u00e1s, tambi\u00e9n puede gestionar el almac\u00e9n de cookies en su navegador a trav\u00e9s de herramientas como las siguientes: <\/p>\n\n\n\n<ul class=\"wp-block-list\"><li>Ghostery: <a href=\"http:\/\/www.ghostery.com\/\">www.ghostery.com\/ <\/a><\/li><li>Your online choices: <a href=\"http:\/\/www.youronlinechoices.com\/es\/\">www.youronlinechoices.com\/es\/ <\/a><\/li><\/ul>\n\n\n\n<p><\/p>\n","protected":false},"excerpt":{"rendered":"<p>\u00bfQue es una Cookie? Las cookies son archivos que se pueden descargar en su equipo a trav\u00e9s de las p\u00e1ginas web. Son herramientas que tienen un papel esencial para la prestaci\u00f3n de numerosos servicios de la sociedad de la informaci\u00f3n. Entre otros, permiten a una p\u00e1gina web almacenar y recuperar informaci\u00f3n sobre los h\u00e1bitos de navegaci\u00f3n de un usuario o de su equipo y, dependiendo de la informaci\u00f3n obtenida, se pueden utilizar para reconocer al usuario y mejorar el servicio ofrecido. Tipos de Cookies Seg\u00fan quien sea la entidad que gestione el dominio desde donde se env\u00edan las cookies y trate los datos que se obtengan se pueden distinguir dos tipos: cookies propias y cookies de terceros . Existe tambi\u00e9n una segunda clasificaci\u00f3n seg\u00fan el plazo de tiempo que permanecen almacenadas en el navegador del cliente, pudiendo tratarse de cookies de sesi\u00f3n o cookies persistentes . Por \u00faltimo, existe otra clasificaci\u00f3n con cinco tipos de cookies seg\u00fan la finalidad para la que se traten los datos obtenidos: cookies t\u00e9cnicas, cookies de personalizaci\u00f3n, cookies de an\u00e1lisis, cookies publicitarias y cookies de publicidad comportamental . Para m\u00e1s informaci\u00f3n a este respecto puede consultar la Gu\u00eda sobre el uso de las cookies de la Agencia Espa\u00f1ola de Protecci\u00f3n de Datos Cookies utilizadas en la web A continuaci\u00f3n se identifican las cookies que est\u00e1n siendo utilizadas en este portal as\u00ed como su tipolog\u00eda y funci\u00f3n: Google Analytics , un servicio de anal\u00edtica web desarrollada por Google, que permite la medici\u00f3n y an\u00e1lisis de la navegaci\u00f3n en las p\u00e1ginas web. En su navegador podr\u00e1 observar 4 cookies de este servicio . Seg\u00fan la tipolog\u00eda anterior se trata de cookies propias, de sesi\u00f3n y de an\u00e1lisis. Puede encontrar m\u00e1s informaci\u00f3n al respecto e inhabilitar el uso de estas cookies www.google.es\/intl\/es\/analytics\/privacyoverview.html . A trav\u00e9s de la anal\u00edtica web se obtiene informaci\u00f3n relativa al n\u00famero de usuarios que acceden a la web, el n\u00famero de p\u00e1ginas vistas, la frecuencia y repetici\u00f3n de las visitas, su duraci\u00f3n, el navegador utilizado, el operador que presta el servicio, el idioma, el terminal que utiliza, o la ciudad a la que est\u00e1 asignada su direcci\u00f3n IP. Informaci\u00f3n que posibilita un mejor y m\u00e1s apropiado servicio por parte de este portal. Otra de las cookies que se descargan es una cookie de tipo t\u00e9cnico denominada ASP.NET_SessionId . Esta cookie permite almacenar un identificador \u00fanico por sesi\u00f3n a trav\u00e9s del que es posible vincular datos necesarios para posibilitar la navegaci\u00f3n en curso. Por \u00faltimo, se descarga una cookie de tipo t\u00e9cnico denominada cookies_policy , propia, de tipo t\u00e9cnico y de sesi\u00f3n. Gestiona el consentimiento del usuario&nbsp;para el uso de las cookies en la p\u00e1gina web, con el objeto de recordar aquellos usuarios que las han aceptado y aquellos que no, de modo que a los primeros no se les muestre informaci\u00f3n en la parte superior de la p\u00e1gina al respecto. Aceptaci\u00f3n de la Pol\u00edtica de cookies Se asume que usted acepta el uso de cookies. No obstante, muestra informaci\u00f3n sobre su Pol\u00edtica de cookies en la parte superior de cualquier p\u00e1gina del portal con cada inicio de sesi\u00f3n con el objeto de que usted sea consciente. Ante esta informaci\u00f3n es posible llevar a cabo las siguientes acciones: Aceptar cookies. No se volver\u00e1 a visualizar este aviso al acceder a cualquier p\u00e1gina del portal durante la presente sesi\u00f3n. Cerrar. Se oculta el aviso en la presente p\u00e1gina. C\u00f3mo modificar la configuraci\u00f3n de las cookies Usted puede restringir, bloquear o borrar las cookies utilizando su navegador. En cada navegador la operativa es diferente, la funci\u00f3n de &#8216;Ayuda&#8217; le mostrar\u00e1 c\u00f3mo hacerlo. Internet Explorer: windows.microsoft.com\/es-xl\/internet-explorer\/delete-manage-cookies#ie=ie-10 FireFox: support.mozilla.org\/es\/kb\/Borrar%20cookies Chrome: support.google.com\/chrome\/answer\/95647?hl=es Safari: www.apple.com\/es\/privacy\/use-of-cookies\/ Adem\u00e1s, tambi\u00e9n puede gestionar el almac\u00e9n de cookies en su navegador a trav\u00e9s de herramientas como las siguientes: Ghostery: www.ghostery.com\/ Your online choices: www.youronlinechoices.com\/es\/<\/p>\n","protected":false},"author":1,"featured_media":0,"parent":0,"menu_order":0,"comment_status":"closed","ping_status":"open","template":"","meta":{"zakra_page_container_layout":"customizer","zakra_page_sidebar_layout":"customizer","zakra_remove_content_margin":false,"zakra_sidebar":"customizer","zakra_transparent_header":"customizer","zakra_logo":0,"zakra_main_header_style":"default","zakra_menu_item_color":"","zakra_menu_item_hover_color":"","zakra_menu_item_active_color":"","zakra_menu_active_style":"","zakra_page_header":true,"footnotes":""},"class_list":["post-1306","page","type-page","status-publish","hentry"],"yoast_head":"<!-- This site is optimized with the Yoast SEO plugin v27.6 - https:\/\/yoast.com\/product\/yoast-seo-wordpress\/ -->\n<title>Pol\u00edtica de Cookies - EXPERTOS EN SEGURIDAD DE LA INFORMACI\u00d3N<\/title>\n<meta name=\"description\" content=\"Queremos aprovechar nuestros conocimientos y experiencia en Protecci\u00f3n de Datos y en Seguridad de la Informaci\u00f3n para ayudar a todas las personas que se encuentran perdidas en este tema tan importante.Resolvemos vuestras dudas de la manera m\u00e1s pr\u00e1ctica posible.Queremos ayudar a los j\u00f3venes, aut\u00f3nomos, a las empresas que est\u00e9n empezando (y a las que ya han empezado).Ingenier\u00eda Inform\u00e1tica y Derecho, Unidos.Si ten\u00e9is dudas o necesit\u00e1is ayuda. Una consulta a tiempo puede convertir un gran problema en un sencillo trabajo.\" \/>\n<meta name=\"robots\" content=\"index, follow, max-snippet:-1, max-image-preview:large, max-video-preview:-1\" \/>\n<link rel=\"canonical\" href=\"https:\/\/jaimetrinidadlopd.es\/?page_id=1306\" \/>\n<meta property=\"og:locale\" content=\"es_ES\" \/>\n<meta property=\"og:type\" content=\"article\" \/>\n<meta property=\"og:title\" content=\"Pol\u00edtica de Cookies - EXPERTOS EN SEGURIDAD DE LA INFORMACI\u00d3N\" \/>\n<meta property=\"og:description\" content=\"Queremos aprovechar nuestros conocimientos y experiencia en Protecci\u00f3n de Datos y en Seguridad de la Informaci\u00f3n para ayudar a todas las personas que se encuentran perdidas en este tema tan importante.Resolvemos vuestras dudas de la manera m\u00e1s pr\u00e1ctica posible.Queremos ayudar a los j\u00f3venes, aut\u00f3nomos, a las empresas que est\u00e9n empezando (y a las que ya han empezado).Ingenier\u00eda Inform\u00e1tica y Derecho, Unidos.Si ten\u00e9is dudas o necesit\u00e1is ayuda. Una consulta a tiempo puede convertir un gran problema en un sencillo trabajo.\" \/>\n<meta property=\"og:url\" content=\"https:\/\/jaimetrinidadlopd.es\/?page_id=1306\" \/>\n<meta property=\"og:site_name\" content=\"EXPERTOS EN SEGURIDAD DE LA INFORMACI\u00d3N\" \/>\n<meta property=\"article:modified_time\" content=\"2020-05-01T15:14:00+00:00\" \/>\n<meta name=\"twitter:card\" content=\"summary_large_image\" \/>\n<meta name=\"twitter:label1\" content=\"Tiempo de lectura\" \/>\n\t<meta name=\"twitter:data1\" content=\"4 minutos\" \/>\n<script type=\"application\/ld+json\" class=\"yoast-schema-graph\">{\"@context\":\"https:\\\/\\\/schema.org\",\"@graph\":[{\"@type\":\"WebPage\",\"@id\":\"https:\\\/\\\/jaimetrinidadlopd.es\\\/?page_id=1306\",\"url\":\"https:\\\/\\\/jaimetrinidadlopd.es\\\/?page_id=1306\",\"name\":\"Pol\u00edtica de Cookies - EXPERTOS EN SEGURIDAD DE LA INFORMACI\u00d3N\",\"isPartOf\":{\"@id\":\"http:\\\/\\\/jaimetrinidadlopd.es\\\/#website\"},\"datePublished\":\"2020-02-12T12:29:15+00:00\",\"dateModified\":\"2020-05-01T15:14:00+00:00\",\"description\":\"Queremos aprovechar nuestros conocimientos y experiencia en Protecci\u00f3n de Datos y en Seguridad de la Informaci\u00f3n para ayudar a todas las personas que se encuentran perdidas en este tema tan importante.Resolvemos vuestras dudas de la manera m\u00e1s pr\u00e1ctica posible.Queremos ayudar a los j\u00f3venes, aut\u00f3nomos, a las empresas que est\u00e9n empezando (y a las que ya han empezado).Ingenier\u00eda Inform\u00e1tica y Derecho, Unidos.Si ten\u00e9is dudas o necesit\u00e1is ayuda. Una consulta a tiempo puede convertir un gran problema en un sencillo trabajo.\",\"breadcrumb\":{\"@id\":\"https:\\\/\\\/jaimetrinidadlopd.es\\\/?page_id=1306#breadcrumb\"},\"inLanguage\":\"es\",\"potentialAction\":[{\"@type\":\"ReadAction\",\"target\":[\"https:\\\/\\\/jaimetrinidadlopd.es\\\/?page_id=1306\"]}]},{\"@type\":\"BreadcrumbList\",\"@id\":\"https:\\\/\\\/jaimetrinidadlopd.es\\\/?page_id=1306#breadcrumb\",\"itemListElement\":[{\"@type\":\"ListItem\",\"position\":1,\"name\":\"Portada\",\"item\":\"http:\\\/\\\/jaimetrinidadlopd.es\\\/\"},{\"@type\":\"ListItem\",\"position\":2,\"name\":\"Pol\u00edtica de Cookies\"}]},{\"@type\":\"WebSite\",\"@id\":\"http:\\\/\\\/jaimetrinidadlopd.es\\\/#website\",\"url\":\"http:\\\/\\\/jaimetrinidadlopd.es\\\/\",\"name\":\"EXPERTOS EN SEGURIDAD DE LA INFORMACI\u00d3N Y PROTECCI\u00d3N DE DATOS\",\"description\":\"PROTECCI\u00d3N DE DATOS Y SEGURIDAD DE LA INFORMACI\u00d3N\",\"publisher\":{\"@id\":\"http:\\\/\\\/jaimetrinidadlopd.es\\\/#organization\"},\"potentialAction\":[{\"@type\":\"SearchAction\",\"target\":{\"@type\":\"EntryPoint\",\"urlTemplate\":\"http:\\\/\\\/jaimetrinidadlopd.es\\\/?s={search_term_string}\"},\"query-input\":{\"@type\":\"PropertyValueSpecification\",\"valueRequired\":true,\"valueName\":\"search_term_string\"}}],\"inLanguage\":\"es\"},{\"@type\":\"Organization\",\"@id\":\"http:\\\/\\\/jaimetrinidadlopd.es\\\/#organization\",\"name\":\"jaimetrinidadlopd.es\",\"url\":\"http:\\\/\\\/jaimetrinidadlopd.es\\\/\",\"logo\":{\"@type\":\"ImageObject\",\"inLanguage\":\"es\",\"@id\":\"http:\\\/\\\/jaimetrinidadlopd.es\\\/#\\\/schema\\\/logo\\\/image\\\/\",\"url\":\"http:\\\/\\\/jaimetrinidadlopd.es\\\/wp-content\\\/uploads\\\/2021\\\/01\\\/cropped-jaimetrinidadlopd3.png\",\"contentUrl\":\"http:\\\/\\\/jaimetrinidadlopd.es\\\/wp-content\\\/uploads\\\/2021\\\/01\\\/cropped-jaimetrinidadlopd3.png\",\"width\":420,\"height\":146,\"caption\":\"jaimetrinidadlopd.es\"},\"image\":{\"@id\":\"http:\\\/\\\/jaimetrinidadlopd.es\\\/#\\\/schema\\\/logo\\\/image\\\/\"}}]}<\/script>\n<!-- \/ Yoast SEO plugin. -->","yoast_head_json":{"title":"Pol\u00edtica de Cookies - EXPERTOS EN SEGURIDAD DE LA INFORMACI\u00d3N","description":"Queremos aprovechar nuestros conocimientos y experiencia en Protecci\u00f3n de Datos y en Seguridad de la Informaci\u00f3n para ayudar a todas las personas que se encuentran perdidas en este tema tan importante.Resolvemos vuestras dudas de la manera m\u00e1s pr\u00e1ctica posible.Queremos ayudar a los j\u00f3venes, aut\u00f3nomos, a las empresas que est\u00e9n empezando (y a las que ya han empezado).Ingenier\u00eda Inform\u00e1tica y Derecho, Unidos.Si ten\u00e9is dudas o necesit\u00e1is ayuda. Una consulta a tiempo puede convertir un gran problema en un sencillo trabajo.","robots":{"index":"index","follow":"follow","max-snippet":"max-snippet:-1","max-image-preview":"max-image-preview:large","max-video-preview":"max-video-preview:-1"},"canonical":"https:\/\/jaimetrinidadlopd.es\/?page_id=1306","og_locale":"es_ES","og_type":"article","og_title":"Pol\u00edtica de Cookies - EXPERTOS EN SEGURIDAD DE LA INFORMACI\u00d3N","og_description":"Queremos aprovechar nuestros conocimientos y experiencia en Protecci\u00f3n de Datos y en Seguridad de la Informaci\u00f3n para ayudar a todas las personas que se encuentran perdidas en este tema tan importante.Resolvemos vuestras dudas de la manera m\u00e1s pr\u00e1ctica posible.Queremos ayudar a los j\u00f3venes, aut\u00f3nomos, a las empresas que est\u00e9n empezando (y a las que ya han empezado).Ingenier\u00eda Inform\u00e1tica y Derecho, Unidos.Si ten\u00e9is dudas o necesit\u00e1is ayuda. Una consulta a tiempo puede convertir un gran problema en un sencillo trabajo.","og_url":"https:\/\/jaimetrinidadlopd.es\/?page_id=1306","og_site_name":"EXPERTOS EN SEGURIDAD DE LA INFORMACI\u00d3N","article_modified_time":"2020-05-01T15:14:00+00:00","twitter_card":"summary_large_image","twitter_misc":{"Tiempo de lectura":"4 minutos"},"schema":{"@context":"https:\/\/schema.org","@graph":[{"@type":"WebPage","@id":"https:\/\/jaimetrinidadlopd.es\/?page_id=1306","url":"https:\/\/jaimetrinidadlopd.es\/?page_id=1306","name":"Pol\u00edtica de Cookies - EXPERTOS EN SEGURIDAD DE LA INFORMACI\u00d3N","isPartOf":{"@id":"http:\/\/jaimetrinidadlopd.es\/#website"},"datePublished":"2020-02-12T12:29:15+00:00","dateModified":"2020-05-01T15:14:00+00:00","description":"Queremos aprovechar nuestros conocimientos y experiencia en Protecci\u00f3n de Datos y en Seguridad de la Informaci\u00f3n para ayudar a todas las personas que se encuentran perdidas en este tema tan importante.Resolvemos vuestras dudas de la manera m\u00e1s pr\u00e1ctica posible.Queremos ayudar a los j\u00f3venes, aut\u00f3nomos, a las empresas que est\u00e9n empezando (y a las que ya han empezado).Ingenier\u00eda Inform\u00e1tica y Derecho, Unidos.Si ten\u00e9is dudas o necesit\u00e1is ayuda. Una consulta a tiempo puede convertir un gran problema en un sencillo trabajo.","breadcrumb":{"@id":"https:\/\/jaimetrinidadlopd.es\/?page_id=1306#breadcrumb"},"inLanguage":"es","potentialAction":[{"@type":"ReadAction","target":["https:\/\/jaimetrinidadlopd.es\/?page_id=1306"]}]},{"@type":"BreadcrumbList","@id":"https:\/\/jaimetrinidadlopd.es\/?page_id=1306#breadcrumb","itemListElement":[{"@type":"ListItem","position":1,"name":"Portada","item":"http:\/\/jaimetrinidadlopd.es\/"},{"@type":"ListItem","position":2,"name":"Pol\u00edtica de Cookies"}]},{"@type":"WebSite","@id":"http:\/\/jaimetrinidadlopd.es\/#website","url":"http:\/\/jaimetrinidadlopd.es\/","name":"EXPERTOS EN SEGURIDAD DE LA INFORMACI\u00d3N Y PROTECCI\u00d3N DE DATOS","description":"PROTECCI\u00d3N DE DATOS Y SEGURIDAD DE LA INFORMACI\u00d3N","publisher":{"@id":"http:\/\/jaimetrinidadlopd.es\/#organization"},"potentialAction":[{"@type":"SearchAction","target":{"@type":"EntryPoint","urlTemplate":"http:\/\/jaimetrinidadlopd.es\/?s={search_term_string}"},"query-input":{"@type":"PropertyValueSpecification","valueRequired":true,"valueName":"search_term_string"}}],"inLanguage":"es"},{"@type":"Organization","@id":"http:\/\/jaimetrinidadlopd.es\/#organization","name":"jaimetrinidadlopd.es","url":"http:\/\/jaimetrinidadlopd.es\/","logo":{"@type":"ImageObject","inLanguage":"es","@id":"http:\/\/jaimetrinidadlopd.es\/#\/schema\/logo\/image\/","url":"http:\/\/jaimetrinidadlopd.es\/wp-content\/uploads\/2021\/01\/cropped-jaimetrinidadlopd3.png","contentUrl":"http:\/\/jaimetrinidadlopd.es\/wp-content\/uploads\/2021\/01\/cropped-jaimetrinidadlopd3.png","width":420,"height":146,"caption":"jaimetrinidadlopd.es"},"image":{"@id":"http:\/\/jaimetrinidadlopd.es\/#\/schema\/logo\/image\/"}}]}},"jetpack_sharing_enabled":true,"_links":{"self":[{"href":"https:\/\/jaimetrinidadlopd.es\/index.php?rest_route=\/wp\/v2\/pages\/1306","targetHints":{"allow":["GET"]}}],"collection":[{"href":"https:\/\/jaimetrinidadlopd.es\/index.php?rest_route=\/wp\/v2\/pages"}],"about":[{"href":"https:\/\/jaimetrinidadlopd.es\/index.php?rest_route=\/wp\/v2\/types\/page"}],"author":[{"embeddable":true,"href":"https:\/\/jaimetrinidadlopd.es\/index.php?rest_route=\/wp\/v2\/users\/1"}],"replies":[{"embeddable":true,"href":"https:\/\/jaimetrinidadlopd.es\/index.php?rest_route=%2Fwp%2Fv2%2Fcomments&post=1306"}],"version-history":[{"count":3,"href":"https:\/\/jaimetrinidadlopd.es\/index.php?rest_route=\/wp\/v2\/pages\/1306\/revisions"}],"predecessor-version":[{"id":2234,"href":"https:\/\/jaimetrinidadlopd.es\/index.php?rest_route=\/wp\/v2\/pages\/1306\/revisions\/2234"}],"wp:attachment":[{"href":"https:\/\/jaimetrinidadlopd.es\/index.php?rest_route=%2Fwp%2Fv2%2Fmedia&parent=1306"}],"curies":[{"name":"wp","href":"https:\/\/api.w.org\/{rel}","templated":true}]}}